{"id":1676,"date":"2019-11-09T16:24:43","date_gmt":"2019-11-09T14:24:43","guid":{"rendered":"https:\/\/www.dergreim.de\/?page_id=1676"},"modified":"2019-11-20T07:15:34","modified_gmt":"2019-11-20T05:15:34","slug":"news-2","status":"publish","type":"page","link":"https:\/\/www.dergreim.de\/?page_id=1676","title":{"rendered":"Das sagt die Presse!"},"content":{"rendered":"\n<p class=\"has-text-color has-medium-font-size has-vivid-green-cyan-color\">BESTES LOTTO IN MARKTLEUGAST<\/p>\n\n\n\n<div class=\"wp-block-image\"><figure class=\"aligncenter size-large is-resized\"><img loading=\"lazy\" decoding=\"async\" src=\"https:\/\/www.dergreim.de\/wp-content\/uploads\/2018\/04\/11128829_556467297825100_1398679962260651792_o-1024x683.jpg\" alt=\"\" class=\"wp-image-708\" width=\"486\" height=\"323\" srcset=\"https:\/\/www.dergreim.de\/wp-content\/uploads\/2018\/04\/11128829_556467297825100_1398679962260651792_o-1024x683.jpg 1024w, https:\/\/www.dergreim.de\/wp-content\/uploads\/2018\/04\/11128829_556467297825100_1398679962260651792_o-400x267.jpg 400w, https:\/\/www.dergreim.de\/wp-content\/uploads\/2018\/04\/11128829_556467297825100_1398679962260651792_o-300x200.jpg 300w, https:\/\/www.dergreim.de\/wp-content\/uploads\/2018\/04\/11128829_556467297825100_1398679962260651792_o-768x512.jpg 768w, https:\/\/www.dergreim.de\/wp-content\/uploads\/2018\/04\/11128829_556467297825100_1398679962260651792_o-280x187.jpg 280w, https:\/\/www.dergreim.de\/wp-content\/uploads\/2018\/04\/11128829_556467297825100_1398679962260651792_o.jpg 1368w\" sizes=\"(max-width: 486px) 100vw, 486px\" \/><figcaption> Enthusiastically orchestrate premier web services whereas turnkey relationships. Competently procrastinate goal-oriented catalysts for change through resource-leveling paradigms.  <\/figcaption><\/figure><\/div>\n\n\n\n<div class=\"wp-block-image\"><figure class=\"aligncenter size-large is-resized\"><img loading=\"lazy\" decoding=\"async\" src=\"https:\/\/www.dergreim.de\/wp-content\/uploads\/2018\/04\/PedeCare_Icon_Press.png\" alt=\"\" class=\"wp-image-707\" width=\"85\" height=\"85\" srcset=\"https:\/\/www.dergreim.de\/wp-content\/uploads\/2018\/04\/PedeCare_Icon_Press.png 273w, https:\/\/www.dergreim.de\/wp-content\/uploads\/2018\/04\/PedeCare_Icon_Press-200x200.png 200w, https:\/\/www.dergreim.de\/wp-content\/uploads\/2018\/04\/PedeCare_Icon_Press-100x100.png 100w, https:\/\/www.dergreim.de\/wp-content\/uploads\/2018\/04\/PedeCare_Icon_Press-150x150.png 150w, https:\/\/www.dergreim.de\/wp-content\/uploads\/2018\/04\/PedeCare_Icon_Press-187x187.png 187w, https:\/\/www.dergreim.de\/wp-content\/uploads\/2018\/04\/PedeCare_Icon_Press-4x4.png 4w\" sizes=\"(max-width: 85px) 100vw, 85px\" \/><\/figure><\/div>\n\n\n\n<hr class=\"wp-block-separator\"\/>\n\n\n\n<div style=\"height:92px\" aria-hidden=\"true\" class=\"wp-block-spacer\"><\/div>\n\n\n\n<div class=\"wp-block-media-text alignwide is-vertically-aligned-top\" style=\"grid-template-columns:43% auto\"><figure class=\"wp-block-media-text__media\"><img loading=\"lazy\" decoding=\"async\" width=\"1024\" height=\"768\" src=\"https:\/\/www.dergreim.de\/wp-content\/uploads\/2019\/08\/P1110200-1024x768.jpg\" alt=\"\" class=\"wp-image-1505\" srcset=\"https:\/\/www.dergreim.de\/wp-content\/uploads\/2019\/08\/P1110200-1024x768.jpg 1024w, https:\/\/www.dergreim.de\/wp-content\/uploads\/2019\/08\/P1110200-300x225.jpg 300w, https:\/\/www.dergreim.de\/wp-content\/uploads\/2019\/08\/P1110200-768x576.jpg 768w, https:\/\/www.dergreim.de\/wp-content\/uploads\/2019\/08\/P1110200-249x187.jpg 249w, https:\/\/www.dergreim.de\/wp-content\/uploads\/2019\/08\/P1110200-1518x1139.jpg 1518w, https:\/\/www.dergreim.de\/wp-content\/uploads\/2019\/08\/P1110200.jpg 2048w\" sizes=\"(max-width: 1024px) 100vw, 1024px\" \/><\/figure><div class=\"wp-block-media-text__content\">\n<p class=\"has-normal-font-size\">Klaus-Peter Wulf, Kupferberg                                                         26. Juli 2018<\/p>\n\n\n\n<p class=\"has-medium-font-size\"><strong>Schreibwaren Greim macht es m\u00f6glich<\/strong><\/p>\n\n\n\n<p class=\"has-large-font-size\">Starterbox f\u00fcr 24 angehende ABC-Sch\u00fctzen<\/p>\n<\/div><\/div>\n\n\n\n<p class=\"has-small-font-size\"> Unser Bild zeigt die angehenden 18 Marktleugaster ABC-Sch\u00fctzen zusammen mit Leiterin Michaela Stark (links), Andreas Greim (dritter von links) und Erzieherin Kerstin Sosniok (rechts). kpw <\/p>\n\n\n\n<p class=\"has-medium-font-size\">Marktleugast\/Grafengehaig  Den 24 im September zur Schule kommenden M\u00e4dchen und Jungen des Hauses f\u00fcr Kinder Arche Noah in Marktleugast und des Kindergartens Pfiffikus in Grafengehaig-Eppenreuth \u00fcberreichte Andreas Greim vom gleichnamigen Schreibwarengesch\u00e4ft in der Marktleugaster Marktstra\u00dfe jetzt eine Starterbox mit vielen n\u00fctzlichen Sachen. Darin enthalten sind Buntstifte, Klebstoff, Radiergummi, Knete, Hefte, Stundenplan, Trinkflasche und Vieles mehr, halt was ein ABC-Sch\u00fctze so alles braucht. Greim erbat sich von angehenden ABC-Sch\u00fctzen die erhaltene Starterbox erst daheim zusammen mit der Mama oder dem Papa auszupacken. Zusammen mit der Marktleugaster Leiterin Michael Stark bedankten sich die 18 Kinder der Arche Noah mit einem lauten \u201eDanke, Herr Greim!\u201c f\u00fcr die erhaltenen Utensilien. Auch die sechs aus dem Marktgemeindebereich Grafengehaig kommenden M\u00e4dchen und Jungen freuten sich \u00fcber diese Gaben, die ihnen Andreas Greim in Eppenreuth anschlie\u00dfend \u00fcbergab. kpw<\/p>\n\n\n\n<hr class=\"wp-block-separator\"\/>\n\n\n\n<div style=\"height:22px\" aria-hidden=\"true\" class=\"wp-block-spacer\"><\/div>\n\n\n\n<div class=\"wp-block-media-text alignwide has-media-on-the-right\" style=\"grid-template-columns:auto 47%\"><figure class=\"wp-block-media-text__media\"><img loading=\"lazy\" decoding=\"async\" width=\"1024\" height=\"768\" src=\"https:\/\/www.dergreim.de\/wp-content\/uploads\/2019\/08\/P1100356-1024x768.jpg\" alt=\"\" class=\"wp-image-1497\" srcset=\"https:\/\/www.dergreim.de\/wp-content\/uploads\/2019\/08\/P1100356-1024x768.jpg 1024w, https:\/\/www.dergreim.de\/wp-content\/uploads\/2019\/08\/P1100356-300x225.jpg 300w, https:\/\/www.dergreim.de\/wp-content\/uploads\/2019\/08\/P1100356-768x576.jpg 768w, https:\/\/www.dergreim.de\/wp-content\/uploads\/2019\/08\/P1100356-249x187.jpg 249w, https:\/\/www.dergreim.de\/wp-content\/uploads\/2019\/08\/P1100356-1518x1139.jpg 1518w, https:\/\/www.dergreim.de\/wp-content\/uploads\/2019\/08\/P1100356.jpg 2048w\" sizes=\"(max-width: 1024px) 100vw, 1024px\" \/><\/figure><div class=\"wp-block-media-text__content\">\n<p class=\"has-normal-font-size\">Klaus-Peter Wulf, Kupferberg                                                     24. April 2018<\/p>\n\n\n\n<p class=\"has-large-font-size\">14 neue Gie\u00dfkannen spendiert<\/p>\n<\/div><\/div>\n\n\n\n<p class=\"has-text-align-right has-small-font-size\"><em> B\u00fcrgermeister Franz Uome (rechts) bei der \u00dcbergabe der 14 neuen Gie\u00dfkannen auf dem Marktleugaster Gottesacker. kpw <\/em><\/p>\n\n\n\n<p class=\"has-medium-font-size\">Marktleugast  Mit seiner privaten Spende von 14 neuen Gie\u00dfkannen hat jetzt Andreas Greim der Problematik von fehlenden oder immer wieder besch\u00e4digten Beh\u00e4lter zum Bew\u00e4ssern der Grabbepflanzungen auf dem Marktleugaster Friedhof ein Ende bereitet. B\u00fcrgermeister Franz Uome bedankte sich bei Greim f\u00fcr die noble Geste und betonte, dass sich die Mitb\u00fcrgerinnen und Mitb\u00fcrger \u00fcber die Spende freuen werden. kpw<\/p>\n","protected":false},"excerpt":{"rendered":"<p>BESTES LOTTO IN MARKTLEUGAST Klaus-Peter Wulf, Kupferberg 26. Juli 2018 Schreibwaren Greim macht es m\u00f6glich Starterbox f\u00fcr 24 angehende ABC-Sch\u00fctzen Unser Bild zeigt die angehenden 18 Marktleugaster ABC-Sch\u00fctzen zusammen mit Leiterin Michaela Stark (links), Andreas Greim (dritter von links) und Erzieherin Kerstin Sosniok (rechts). kpw Marktleugast\/Grafengehaig Den 24 im September zur Schule kommenden M\u00e4dchen und<\/p>\n","protected":false},"author":2,"featured_media":0,"parent":424,"menu_order":2,"comment_status":"closed","ping_status":"closed","template":"","meta":{"footnotes":""},"_links":{"self":[{"href":"https:\/\/www.dergreim.de\/index.php?rest_route=\/wp\/v2\/pages\/1676"}],"collection":[{"href":"https:\/\/www.dergreim.de\/index.php?rest_route=\/wp\/v2\/pages"}],"about":[{"href":"https:\/\/www.dergreim.de\/index.php?rest_route=\/wp\/v2\/types\/page"}],"author":[{"embeddable":true,"href":"https:\/\/www.dergreim.de\/index.php?rest_route=\/wp\/v2\/users\/2"}],"replies":[{"embeddable":true,"href":"https:\/\/www.dergreim.de\/index.php?rest_route=%2Fwp%2Fv2%2Fcomments&post=1676"}],"version-history":[{"count":0,"href":"https:\/\/www.dergreim.de\/index.php?rest_route=\/wp\/v2\/pages\/1676\/revisions"}],"up":[{"embeddable":true,"href":"https:\/\/www.dergreim.de\/index.php?rest_route=\/wp\/v2\/pages\/424"}],"wp:attachment":[{"href":"https:\/\/www.dergreim.de\/index.php?rest_route=%2Fwp%2Fv2%2Fmedia&parent=1676"}],"curies":[{"name":"wp","href":"https:\/\/api.w.org\/{rel}","templated":true}]}}